{"id":1005,"date":"2025-07-24T14:33:17","date_gmt":"2025-07-24T14:33:17","guid":{"rendered":"http:\/\/therapie-laureray.fr\/index.php\/one-page-express\/"},"modified":"2026-01-20T14:17:28","modified_gmt":"2026-01-20T14:17:28","slug":"one-page-express","status":"publish","type":"page","link":"https:\/\/therapie-laureray.fr\/","title":{"rendered":"Accueil"},"content":{"rendered":"<div  id=\"about-3\" class=\"about-images-right-section\" style=\"background-color: #ffffff;\" data-label=\"About\" data-id=\"about-images-right-section\" data-category=\"about\">\n<div  class=\"gridContainer dynamic-color\">\n<div  class=\"about-images-right-innerrow dynamic-color\">\n\n<p  class=\"\" _msttexthash=\"2050597250\" _msthash=\"753\">Sp\u00e9cialis\u00e9e dans l\u2019approche syst\u00e9mique selon la M\u00e9thode Strat\u00e9gique R\u00e9solutive, je vous accompagne pour rendre votre vie personnelle, de couple ou de famille plus fluide et apais\u00e9e. En partant de votre situation unique et en d\u00e9finissant ensemble vos objectifs, nous trouvons ensemble comment favoriser le changement. <br  _istranslated=\"1\">Cette approche vous permet<br  _istranslated=\"1\">&nbsp; \u2013&nbsp; d\u2019am\u00e9liorer vos relations,<br  _istranslated=\"1\">&nbsp; \u2013&nbsp; de vivre plus sereinement au quotidien,<br  _istranslated=\"1\">&nbsp; \u2013&nbsp; de surmonter les difficult\u00e9s, les \u00e9preuves et les \u00e9tapes de transition dans la vie,<br  _istranslated=\"1\">&nbsp; \u2013&nbsp; d\u2019am\u00e9liorer le fonctionnement de votre famille ou de votre couple. <br  _istranslated=\"1\"><br  _istranslated=\"1\">L\u2019approche est non pathologique et sur-mesure, cherchant \u00e0 vous rendre acteur de votre propre vie. <br  _istranslated=\"1\">&nbsp; \u2013&nbsp; Chaque probl\u00e8me est envisag\u00e9 comme une tentative d\u2019adaptation \u00e0 des situations sp\u00e9cifiques, ce qui d\u00e9focalise du sympt\u00f4me ou du diagnostic et favorise une compr\u00e9hension plus empathique et respectueuse de votre exp\u00e9rience. <br  _istranslated=\"1\">&nbsp; \u2013&nbsp; L\u2019approche syst\u00e9mique reconna\u00eet la diversit\u00e9 des modes de vie et des configurations familiales. Le th\u00e9rapeute vous aide \u00e0 explorer sans jugement vos relations et cr\u00e9e avec vous les solutions adapt\u00e9es \u00e0 votre situation particuli\u00e8re. <br  _istranslated=\"1\">&nbsp; \u2013&nbsp; Enfin, cette approche s\u2019appuie sur les ressources et comp\u00e9tences d\u00e9j\u00e0 pr\u00e9sentes, renfor\u00e7ant la confiance en soi et la capacit\u00e9 \u00e0 changer, ce qui favorise l\u2019\u00e9mergence de solutions durables. <br  _istranslated=\"1\"><br  _istranslated=\"1\">Dans un cadre s\u00e9curisant, vous \u00eates accueilli pour vous exprimer et \u00eatre entendu. Vous vous sentez compris dans vos difficult\u00e9s et accompagn\u00e9 vers un mieux-\u00eatre.<\/p>\n<\/div>\n<div  class=\"about-images-right-imgcol\">&nbsp;<\/div>\n<\/div>\n<\/div><div  data-label=\"Overlapable\" data-id=\"stripped-features-image-cards-section\" data-category=\"overlapable\" data-=\"\" class=\"features-image-cards-section stripped-features-image-cards-section\" data-overlap=\"true\" id=\"overlapable-3\" style=\"background-color: rgb(255, 255, 255);\"> <div  class=\"gridContainer\"> <div  class=\"features-image-cards-innerrow flexbox-list\" data-type=\"row\"> <div  class=\"features-image-cards-cardcol cp4cols cp6cols-tablet\"> <div  class=\"features-image-cards-cardrow\"><img  decoding=\"async\" class=\"features-image-cards-featimg\" src=\"http:\/\/therapie-laureray.fr\/wp-content\/uploads\/2025\/07\/hammock-4329684_1280.jpg\" alt=\"\"> <div  class=\"features-image-cards-cardtextrow\" data-type=\"column\"> <h4  class=\"\">Th\u00e9rapie individuelle<\/h4> <p  class=\"\"> 45 min \u2013 70 \u20ac<\/p> <hr  class=\"features-image-cards-separator\"> <a  class=\"button blue\" href=\"https:\/\/therapielaureray.simplybook.it\/v2\/#book\/service\/2\/count\/1\" target=\"_blank\">Prendre RDV<\/a><\/div> <\/div> <\/div> <div  class=\"features-image-cards-cardcol cp4cols cp6cols-tablet\"> <div  class=\"features-image-cards-cardrow\"><img  decoding=\"async\" class=\"features-image-cards-featimg\" src=\"http:\/\/therapie-laureray.fr\/wp-content\/uploads\/2025\/07\/hammocks-4003289_1280.jpg\" alt=\"\"> <div  class=\"features-image-cards-cardtextrow\" data-type=\"column\"> <h4  class=\"\">Th\u00e9rapie de couple&nbsp;<\/h4> <p  class=\"\">&nbsp;1h15 \u2013 100 \u20ac<\/p> <hr  class=\"features-image-cards-separator\"> <a  class=\"button blue\" href=\"https:\/\/therapielaureray.simplybook.it\/v2\/#book\/service\/3\/count\/1\" target=\"_blank\">Prendre RDV<\/a><\/div> <\/div> <\/div> <div  class=\"features-image-cards-cardcol cp4cols cp6cols-tablet\"> <div  class=\"features-image-cards-cardrow\"><img  decoding=\"async\" class=\"features-image-cards-featimg\" src=\"http:\/\/therapie-laureray.fr\/wp-content\/uploads\/2025\/07\/guatemala-889768_1920.jpg\" alt=\"\"> <div  class=\"features-image-cards-cardtextrow\" data-type=\"column\"> <h4  class=\"\">Th\u00e9rapie familiale<\/h4> <p  class=\"\">1h15 \u2013 100 \u20ac<\/p> <hr  class=\"features-image-cards-separator\"> <a  class=\"button blue\" href=\"https:\/\/therapielaureray.simplybook.it\/v2\/#book\/service\/4\/count\/1\" target=\"_blank\">Prendre RDV<\/a><\/div> <\/div> <\/div> <\/div> <\/div><\/div><div  data-label=\"Content\" data-id=\"content-image-left\" data-category=\"content\" class=\"content-left-image-section content-image-left\" id=\"content-3\" style=\"background-color: rgb(246, 246, 246);\"> <div  class=\"gridContainer\"> <div  class=\"row\"> <div  class=\"content-left-image-imgcol\" data-type=\"column\"> <img decoding=\"async\"  src=\"http:\/\/therapie-laureray.fr\/wp-content\/uploads\/2025\/07\/cabinet-scaled.jpg\" class=\"\" alt=\"\"> <\/div> <div  class=\"content-left-image-textcol dynamic-color\" data-type=\"column\"> <h2  class=\"\">Je vous re\u00e7ois le vendredi&nbsp;<\/h2> <p  class=\"large_text\">Cabinet pluridisciplinaire<br >24 rue Waldeck-Rousseau<br >69 006 Lyon<br >Proche du M\u00e9tro B : Brotteaux\n<br ><br >06.89.58.44.37<\/p>  <\/div> <\/div> <\/div> <\/div>","protected":false},"excerpt":{"rendered":"<p>Sp\u00e9cialis\u00e9e dans l\u2019approche syst\u00e9mique selon la M\u00e9thode Strat\u00e9gique R\u00e9solutive, je vous accompagne pour rendre votre vie personnelle, de couple ou de famille plus fluide et apais\u00e9e. En partant de votre situation unique et en d\u00e9finissant ensemble vos objectifs, nous trouvons ensemble comment favoriser le changement. Cette approche vous permet&nbsp; \u2013&nbsp; d\u2019am\u00e9liorer vos relations,&nbsp; \u2013&nbsp; de&hellip; <br \/> <a class=\"button small blue\" href=\"https:\/\/therapie-laureray.fr\/\">Read more<\/a><\/p>\n","protected":false},"author":1,"featured_media":17,"parent":0,"menu_order":0,"comment_status":"closed","ping_status":"closed","template":"","meta":{"_themeisle_gutenberg_block_has_review":false,"footnotes":""},"class_list":["post-1005","page","type-page","status-publish","has-post-thumbnail","hentry"],"_links":{"self":[{"href":"https:\/\/therapie-laureray.fr\/index.php\/wp-json\/wp\/v2\/pages\/1005","targetHints":{"allow":["GET"]}}],"collection":[{"href":"https:\/\/therapie-laureray.fr\/index.php\/wp-json\/wp\/v2\/pages"}],"about":[{"href":"https:\/\/therapie-laureray.fr\/index.php\/wp-json\/wp\/v2\/types\/page"}],"author":[{"embeddable":true,"href":"https:\/\/therapie-laureray.fr\/index.php\/wp-json\/wp\/v2\/users\/1"}],"replies":[{"embeddable":true,"href":"https:\/\/therapie-laureray.fr\/index.php\/wp-json\/wp\/v2\/comments?post=1005"}],"version-history":[{"count":41,"href":"https:\/\/therapie-laureray.fr\/index.php\/wp-json\/wp\/v2\/pages\/1005\/revisions"}],"predecessor-version":[{"id":1121,"href":"https:\/\/therapie-laureray.fr\/index.php\/wp-json\/wp\/v2\/pages\/1005\/revisions\/1121"}],"wp:featuredmedia":[{"embeddable":true,"href":"https:\/\/therapie-laureray.fr\/index.php\/wp-json\/wp\/v2\/media\/17"}],"wp:attachment":[{"href":"https:\/\/therapie-laureray.fr\/index.php\/wp-json\/wp\/v2\/media?parent=1005"}],"curies":[{"name":"wp","href":"https:\/\/api.w.org\/{rel}","templated":true}]}}